{"id":891,"date":"2022-11-17T17:17:25","date_gmt":"2022-11-17T16:17:25","guid":{"rendered":"https:\/\/b2g-2026.staging2.net\/?page_id=891"},"modified":"2024-05-06T10:35:04","modified_gmt":"2024-05-06T08:35:04","slug":"mentions-legales","status":"publish","type":"page","link":"https:\/\/b2g-2026.staging2.net\/fr\/impressum\/","title":{"rendered":"Mentions l\u00e9gales"},"content":{"rendered":"<div class=\"gb-container gb-container-ffb32884 gb-container-s\"><div class=\"gb-inside-container\">\n\n<h1 class=\"gb-headline gb-headline-6ad34790 gb-headline-text\">Mentions l\u00e9gales de Beauty2Go<\/h1>\n\n\n\n<p>Beauty2Go GmbH<br>Bahnhofstrasse 78<br>8001 Zurich<\/p>\n\n\n\n<p>L'ensemble du contenu de ce site web est prot\u00e9g\u00e9 par les droits d'auteur en tant que propri\u00e9t\u00e9 du cabinet Beauty2Go GmbH. Tous les droits sont r\u00e9serv\u00e9s.<\/p>\n\n\n\n<h3 class=\"wp-block-heading\">Clause de non-responsabilit\u00e9<\/h3>\n\n\n\n<p>Le cabinet Beauty2Go GmbH met tout en \u0153uvre pour que les informations contenues sur ce site soient actuelles, correctes, compl\u00e8tes et fiables. Nous ne pouvons toutefois pas en donner la garantie. Nous d\u00e9clinons donc toute responsabilit\u00e9 pour les dommages caus\u00e9s par les informations contenues dans ces pages.<\/p>\n\n\n\n<h3 class=\"wp-block-heading\">Protection des donn\u00e9es<\/h3>\n\n\n\n<p>Le cabinet Beauty2Go GmbH s'engage \u00e0 traiter les donn\u00e9es personnelles de mani\u00e8re absolument confidentielle. Le serveur web collecte et enregistre automatiquement les informations LogFile que votre navigateur transmet. Il s'agit de : Type\/version de navigateur, syst\u00e8me d'exploitation utilis\u00e9, URL de r\u00e9f\u00e9rence (la page pr\u00e9c\u00e9demment visit\u00e9e), nom d'h\u00f4te de l'ordinateur acc\u00e9dant (adresse IP), heure de la demande au serveur. Les donn\u00e9es sont effac\u00e9es apr\u00e8s un certain temps (6 mois \u00e0 1 an).<\/p>\n\n\n\n<h3 class=\"wp-block-heading\">Cookies<\/h3>\n\n\n\n<p>Les pages Internet utilisent \u00e0 certains endroits ce que l'on appelle des cookies. Ils servent \u00e0 rendre notre offre plus conviviale, plus efficace et plus s\u00fbre. Les cookies sont de petits fichiers texte qui sont d\u00e9pos\u00e9s sur votre ordinateur et que votre navigateur enregistre. La plupart des cookies que nous utilisons sont des \"cookies de session\". Ils sont automatiquement supprim\u00e9s \u00e0 la fin de votre visite. Les cookies n'endommagent pas votre ordinateur et ne contiennent pas de virus.<\/p>\n\n\n\n<h3 class=\"wp-block-heading\">Google Analytics<\/h3>\n\n\n\n<p>Ce site web utilise Google Analytics, un service d'analyse web de Google Inc (\"Google\"). Google Analytics utilise des \"cookies\", des fichiers texte qui sont enregistr\u00e9s sur votre ordinateur et qui permettent d'analyser votre utilisation du site web. Les donn\u00e9es g\u00e9n\u00e9r\u00e9es par les cookies concernant votre utilisation du site (y compris votre adresse IP) seront transmises et stock\u00e9es par Google sur des serveurs situ\u00e9s aux Etats-Unis. Google utilisera cette information dans le but d'\u00e9valuer votre utilisation du site, de compiler des rapports sur l'activit\u00e9 du site \u00e0 destination de son \u00e9diteur et de fournir d'autres services relatifs \u00e0 l'activit\u00e9 du site et \u00e0 l'utilisation d'Internet. Le cas \u00e9ch\u00e9ant, Google transmettra \u00e9galement ces informations \u00e0 des tiers, dans la mesure o\u00f9 cela est prescrit par la loi ou si des tiers traitent ces donn\u00e9es pour le compte de Google. Google n'associera en aucun cas votre adresse IP \u00e0 d'autres donn\u00e9es. Vous pouvez emp\u00eacher l'installation des cookies en param\u00e9trant votre navigateur en cons\u00e9quence ; nous attirons toutefois votre attention sur le fait que, dans ce cas, vous ne pourrez peut-\u00eatre pas utiliser toutes les fonctions de ce site web dans leur int\u00e9gralit\u00e9. En utilisant ce site web, vous acceptez que les donn\u00e9es collect\u00e9es \u00e0 votre sujet par Google soient trait\u00e9es de la mani\u00e8re et aux fins d\u00e9crites ci-dessus.<\/p>\n\n\n\n<h3 class=\"wp-block-heading\">Conditions de participation au calendrier de l'Avent Beauty2Go<\/h3>\n\n\n\n<p>Sur www.beauty2go.ch\/adventskalender, tu trouveras notre calendrier de l'Avent du 01.12. au 24.12., o\u00f9 tu pourras gagner de superbes cadeaux. Chaque participant(e) qui prend part aux tirages au sort consent au traitement des donn\u00e9es dans le cadre du calendrier de l'Avent, afin que nous puissions par exemple te contacter si tu as gagn\u00e9 le cadeau.<\/p>\n\n\n\n<p>Les gains ne peuvent pas \u00eatre rachet\u00e9s en esp\u00e8ces !<\/p>\n\n\n\n<p>En cas d'inscription \u00e0 la newsletter dans le cadre du jeu-concours, les adresses e-mail sont enregistr\u00e9es pour la newsletter. Tu peux toutefois te d\u00e9sinscrire \u00e0 tout moment.<\/p>\n\n<\/div><\/div>","protected":false},"excerpt":{"rendered":"<p>Beauty2Go Mentions l\u00e9gales Beauty2Go GmbHBahnhofstrasse 788001 Zurich L'ensemble du contenu de ce site web est prot\u00e9g\u00e9 par les droits d'auteur en tant que propri\u00e9t\u00e9 du cabinet Beauty2Go GmbH. Tous les droits sont r\u00e9serv\u00e9s. Clause de non-responsabilit\u00e9 Le cabinet Beauty2Go GmbH met tout en \u0153uvre pour que les informations contenues dans ce site soient actuelles, correctes, compl\u00e8tes et fiables. Nous ne pouvons toutefois pas en donner la garantie. Nous d\u00e9clinons toute responsabilit\u00e9 pour les dommages ... <a title=\"Mentions l\u00e9gales\" class=\"read-more\" href=\"https:\/\/b2g-2026.staging2.net\/fr\/impressum\/\" aria-label=\"En savoir plus sur Impressum\">Lire la suite ...<\/a><\/p>","protected":false},"author":1,"featured_media":0,"parent":0,"menu_order":0,"comment_status":"closed","ping_status":"closed","template":"","meta":{"_acf_changed":false,"_kad_blocks_custom_css":"","_kad_blocks_head_custom_js":"","_kad_blocks_body_custom_js":"","_kad_blocks_footer_custom_js":"","footnotes":""},"page-cat":[],"class_list":["post-891","page","type-page","status-publish"],"acf":[],"yoast_head":"<!-- This site is optimized with the Yoast SEO plugin v27.1.1 - https:\/\/yoast.com\/product\/yoast-seo-wordpress\/ -->\n<title>Beauty2Go Impressum \u2013 Informationen zum Unternehmen<\/title>\n<meta name=\"description\" content=\"Im Beauty2Go Impressum findest du alle wichtigen Informationen zum Unternehmen \u2665 Kontaktdaten &amp; rechtliche Hinweise \u1405 Online mehr entdecken | beauty2go.ch\" \/>\n<meta name=\"robots\" content=\"noindex, follow, max-snippet:-1, max-image-preview:large, max-video-preview:-1\" \/>\n<meta property=\"og:locale\" content=\"fr_FR\" \/>\n<meta property=\"og:type\" content=\"article\" \/>\n<meta property=\"og:title\" content=\"Beauty2Go Impressum \u2013 Informationen zum Unternehmen\" \/>\n<meta property=\"og:description\" content=\"Im Beauty2Go Impressum findest du alle wichtigen Informationen zum Unternehmen \u2665 Kontaktdaten &amp; rechtliche Hinweise \u1405 Online mehr entdecken | beauty2go.ch\" \/>\n<meta property=\"og:url\" content=\"https:\/\/b2g-2026.staging2.net\/fr\/mentions-legales\/\" \/>\n<meta property=\"og:site_name\" content=\"Beauty2Go\" \/>\n<meta property=\"article:modified_time\" content=\"2024-05-06T08:35:04+00:00\" \/>\n<meta name=\"twitter:card\" content=\"summary_large_image\" \/>\n<meta name=\"twitter:label1\" content=\"Dur\u00e9e de lecture estim\u00e9e\" \/>\n\t<meta name=\"twitter:data1\" content=\"3 minutes\" \/>\n<script type=\"application\/ld+json\" class=\"yoast-schema-graph\">{\"@context\":\"https:\/\/schema.org\",\"@graph\":[{\"@type\":\"WebPage\",\"@id\":\"https:\/\/b2g-2026.staging2.net\/impressum\/\",\"url\":\"https:\/\/b2g-2026.staging2.net\/impressum\/\",\"name\":\"Beauty2Go Impressum \u2013 Informationen zum Unternehmen\",\"isPartOf\":{\"@id\":\"https:\/\/b2g-2026.staging2.net\/#website\"},\"datePublished\":\"2022-11-17T16:17:25+00:00\",\"dateModified\":\"2024-05-06T08:35:04+00:00\",\"description\":\"Im Beauty2Go Impressum findest du alle wichtigen Informationen zum Unternehmen \u2665 Kontaktdaten & rechtliche Hinweise \u1405 Online mehr entdecken | beauty2go.ch\",\"breadcrumb\":{\"@id\":\"https:\/\/b2g-2026.staging2.net\/impressum\/#breadcrumb\"},\"inLanguage\":\"fr-FR\",\"potentialAction\":[{\"@type\":\"ReadAction\",\"target\":[\"https:\/\/b2g-2026.staging2.net\/impressum\/\"]}]},{\"@type\":\"BreadcrumbList\",\"@id\":\"https:\/\/b2g-2026.staging2.net\/impressum\/#breadcrumb\",\"itemListElement\":[{\"@type\":\"ListItem\",\"position\":1,\"name\":\"Home\",\"item\":\"https:\/\/b2g-2026.staging2.net\/\"},{\"@type\":\"ListItem\",\"position\":2,\"name\":\"Impressum\"}]},{\"@type\":\"WebSite\",\"@id\":\"https:\/\/b2g-2026.staging2.net\/#website\",\"url\":\"https:\/\/b2g-2026.staging2.net\/\",\"name\":\"Beauty2Go\",\"description\":\"Sch\u00f6nheitsklinik Schweiz\",\"publisher\":{\"@id\":\"https:\/\/b2g-2026.staging2.net\/#organization\"},\"potentialAction\":[{\"@type\":\"SearchAction\",\"target\":{\"@type\":\"EntryPoint\",\"urlTemplate\":\"https:\/\/b2g-2026.staging2.net\/?s={search_term_string}\"},\"query-input\":{\"@type\":\"PropertyValueSpecification\",\"valueRequired\":true,\"valueName\":\"search_term_string\"}}],\"inLanguage\":\"fr-FR\"},{\"@type\":\"Organization\",\"@id\":\"https:\/\/b2g-2026.staging2.net\/#organization\",\"name\":\"Beauty2Go\",\"url\":\"https:\/\/b2g-2026.staging2.net\/\",\"logo\":{\"@type\":\"ImageObject\",\"inLanguage\":\"fr-FR\",\"@id\":\"https:\/\/b2g-2026.staging2.net\/#\/schema\/logo\/image\/\",\"url\":\"https:\/\/b2g-2026.staging2.net\/wp-content\/uploads\/2022\/11\/b2g-logo-sticky.svg\",\"contentUrl\":\"https:\/\/b2g-2026.staging2.net\/wp-content\/uploads\/2022\/11\/b2g-logo-sticky.svg\",\"width\":58,\"height\":40,\"caption\":\"Beauty2Go\"},\"image\":{\"@id\":\"https:\/\/b2g-2026.staging2.net\/#\/schema\/logo\/image\/\"}}]}<\/script>\n<!-- \/ Yoast SEO plugin. -->","yoast_head_json":{"title":"Mentions l\u00e9gales Beauty2Go - Informations sur l'entreprise","description":"Dans les mentions l\u00e9gales de Beauty2Go, tu trouveras toutes les informations importantes sur l'entreprise \u2665 Coordonn\u00e9es &amp; informations juridiques \u1405 D\u00e9couvrir plus en ligne | beauty2go.ch","robots":{"index":"noindex","follow":"follow","max-snippet":"max-snippet:-1","max-image-preview":"max-image-preview:large","max-video-preview":"max-video-preview:-1"},"og_locale":"fr_FR","og_type":"article","og_title":"Beauty2Go Impressum \u2013 Informationen zum Unternehmen","og_description":"Im Beauty2Go Impressum findest du alle wichtigen Informationen zum Unternehmen \u2665 Kontaktdaten & rechtliche Hinweise \u1405 Online mehr entdecken | beauty2go.ch","og_url":"https:\/\/b2g-2026.staging2.net\/fr\/mentions-legales\/","og_site_name":"Beauty2Go","article_modified_time":"2024-05-06T08:35:04+00:00","twitter_card":"summary_large_image","twitter_misc":{"Dur\u00e9e de lecture estim\u00e9e":"3 minutes"},"schema":{"@context":"https:\/\/schema.org","@graph":[{"@type":"WebPage","@id":"https:\/\/b2g-2026.staging2.net\/impressum\/","url":"https:\/\/b2g-2026.staging2.net\/impressum\/","name":"Mentions l\u00e9gales Beauty2Go - Informations sur l'entreprise","isPartOf":{"@id":"https:\/\/b2g-2026.staging2.net\/#website"},"datePublished":"2022-11-17T16:17:25+00:00","dateModified":"2024-05-06T08:35:04+00:00","description":"Dans les mentions l\u00e9gales de Beauty2Go, tu trouveras toutes les informations importantes sur l'entreprise \u2665 Coordonn\u00e9es &amp; informations juridiques \u1405 D\u00e9couvrir plus en ligne | beauty2go.ch","breadcrumb":{"@id":"https:\/\/b2g-2026.staging2.net\/impressum\/#breadcrumb"},"inLanguage":"fr-FR","potentialAction":[{"@type":"ReadAction","target":["https:\/\/b2g-2026.staging2.net\/impressum\/"]}]},{"@type":"BreadcrumbList","@id":"https:\/\/b2g-2026.staging2.net\/impressum\/#breadcrumb","itemListElement":[{"@type":"ListItem","position":1,"name":"Home","item":"https:\/\/b2g-2026.staging2.net\/"},{"@type":"ListItem","position":2,"name":"Impressum"}]},{"@type":"WebSite","@id":"https:\/\/b2g-2026.staging2.net\/#website","url":"https:\/\/b2g-2026.staging2.net\/","name":"Beauty2Go","description":"Clinique de beaut\u00e9 Suisse","publisher":{"@id":"https:\/\/b2g-2026.staging2.net\/#organization"},"potentialAction":[{"@type":"SearchAction","target":{"@type":"EntryPoint","urlTemplate":"https:\/\/b2g-2026.staging2.net\/?s={search_term_string}"},"query-input":{"@type":"PropertyValueSpecification","valueRequired":true,"valueName":"search_term_string"}}],"inLanguage":"fr-FR"},{"@type":"Organization","@id":"https:\/\/b2g-2026.staging2.net\/#organization","name":"Beauty2Go","url":"https:\/\/b2g-2026.staging2.net\/","logo":{"@type":"ImageObject","inLanguage":"fr-FR","@id":"https:\/\/b2g-2026.staging2.net\/#\/schema\/logo\/image\/","url":"https:\/\/b2g-2026.staging2.net\/wp-content\/uploads\/2022\/11\/b2g-logo-sticky.svg","contentUrl":"https:\/\/b2g-2026.staging2.net\/wp-content\/uploads\/2022\/11\/b2g-logo-sticky.svg","width":58,"height":40,"caption":"Beauty2Go"},"image":{"@id":"https:\/\/b2g-2026.staging2.net\/#\/schema\/logo\/image\/"}}]}},"taxonomy_info":[],"featured_image_src_large":false,"author_info":{"display_name":"starkj","author_link":"https:\/\/b2g-2026.staging2.net\/fr\/articles\/author\/starkj\/"},"comment_info":0,"_links":{"self":[{"href":"https:\/\/b2g-2026.staging2.net\/fr\/wp-json\/wp\/v2\/pages\/891","targetHints":{"allow":["GET"]}}],"collection":[{"href":"https:\/\/b2g-2026.staging2.net\/fr\/wp-json\/wp\/v2\/pages"}],"about":[{"href":"https:\/\/b2g-2026.staging2.net\/fr\/wp-json\/wp\/v2\/types\/page"}],"author":[{"embeddable":true,"href":"https:\/\/b2g-2026.staging2.net\/fr\/wp-json\/wp\/v2\/users\/1"}],"replies":[{"embeddable":true,"href":"https:\/\/b2g-2026.staging2.net\/fr\/wp-json\/wp\/v2\/comments?post=891"}],"version-history":[{"count":0,"href":"https:\/\/b2g-2026.staging2.net\/fr\/wp-json\/wp\/v2\/pages\/891\/revisions"}],"wp:attachment":[{"href":"https:\/\/b2g-2026.staging2.net\/fr\/wp-json\/wp\/v2\/media?parent=891"}],"wp:term":[{"taxonomy":"page-cat","embeddable":true,"href":"https:\/\/b2g-2026.staging2.net\/fr\/wp-json\/wp\/v2\/page-cat?post=891"}],"curies":[{"name":"wp","href":"https:\/\/api.w.org\/{rel}","templated":true}]}}