{"id":3077,"date":"2022-12-15T14:47:07","date_gmt":"2022-12-15T13:47:07","guid":{"rendered":"https:\/\/b2g-2026.staging2.net\/?page_id=3077"},"modified":"2023-11-06T09:08:38","modified_gmt":"2023-11-06T08:08:38","slug":"agbs","status":"publish","type":"page","link":"https:\/\/b2g-2026.staging2.net\/fr\/agbs\/","title":{"rendered":"Conditions g\u00e9n\u00e9rales de vente"},"content":{"rendered":"<div class=\"gb-container gb-container-94d5ad95 gb-container-standard\"><div class=\"gb-inside-container\">\n\n<h1 class=\"gb-headline gb-headline-a4dc29cd gb-headline-text\">Beauty2Go AGBs und Teilnahmebedingungen<\/h1>\n\n\n<style>.wp-block-kadence-advancedheading.kt-adv-heading3077_ccc37b-b8, .wp-block-kadence-advancedheading.kt-adv-heading3077_ccc37b-b8[data-kb-block=\"kb-adv-heading3077_ccc37b-b8\"]{font-style:normal;}.wp-block-kadence-advancedheading.kt-adv-heading3077_ccc37b-b8 mark.kt-highlight, .wp-block-kadence-advancedheading.kt-adv-heading3077_ccc37b-b8[data-kb-block=\"kb-adv-heading3077_ccc37b-b8\"] mark.kt-highlight{font-style:normal;color:#f76a0c;-webkit-box-decoration-break:clone;box-decoration-break:clone;padding-top:0px;padding-right:0px;padding-bottom:0px;padding-left:0px;}.wp-block-kadence-advancedheading.kt-adv-heading3077_ccc37b-b8 img.kb-inline-image, .wp-block-kadence-advancedheading.kt-adv-heading3077_ccc37b-b8[data-kb-block=\"kb-adv-heading3077_ccc37b-b8\"] img.kb-inline-image{width:150px;vertical-align:baseline;}<\/style>\n<p class=\"kt-adv-heading3077_ccc37b-b8 wp-block-kadence-advancedheading\" data-kb-block=\"kb-adv-heading3077_ccc37b-b8\">Damit du vom Freundinnenrabatt profitieren kannst, buche einen Beauty2Go Termin mit deiner\/deinen Freundin\/nen. Wenn ihr gemeinsam beim Termin erscheint und euch behandeln l\u00e4sst, spart ihr pro Person bis zu CHF 90,-. Kommt ihr also zu viert, spart ihr gemeinsam unglaubliche CHF 360,- auf eure Behandlung! Ausgenommen von Rabattaktionen wie dem Freundinnenrabatt sind reine Botulinum-Behandlungen. Der Rabatt ist nicht kumulierbar und kann pro Person\/Gruppe nur einmal pro Termin eingel\u00f6st werden.<\/p>\n\n\n\n<p><\/p>\n\n\n\n<p>Vereinbare jetzt direkt deinen <a href=\"https:\/\/b2g-2026.staging2.net\/termin-buchen\">Termin<\/a> und profitiere vom Bring-a-Friend-Rabatt. <\/p>\n\n<\/div><\/div>","protected":false},"excerpt":{"rendered":"<p>CGV Beauty2Go et conditions de participation Pour que tu puisses profiter de la r\u00e9duction pour les amies, r\u00e9serve un rendez-vous Beauty2Go avec ton\/tes amie(s). Si vous vous pr\u00e9sentez ensemble au rendez-vous pour vous faire soigner, vous \u00e9conomisez jusqu'\u00e0 90 CHF par personne. Ainsi, si vous venez \u00e0 quatre, vous \u00e9conomiserez ensemble un montant incroyable de CHF 360,- sur votre traitement ! A l'exception des actions de r\u00e9duction comme le rabais pour les amies ... <a title=\"Conditions g\u00e9n\u00e9rales de vente\" class=\"read-more\" href=\"https:\/\/b2g-2026.staging2.net\/fr\/agbs\/\" aria-label=\"En savoir plus sur AGBs\">Lire la suite ...<\/a><\/p>","protected":false},"author":1,"featured_media":0,"parent":0,"menu_order":0,"comment_status":"closed","ping_status":"closed","template":"","meta":{"_acf_changed":false,"_kad_blocks_custom_css":"","_kad_blocks_head_custom_js":"","_kad_blocks_body_custom_js":"","_kad_blocks_footer_custom_js":"","footnotes":""},"page-cat":[],"class_list":["post-3077","page","type-page","status-publish"],"acf":[],"yoast_head":"<!-- This site is optimized with the Yoast SEO plugin v27.1.1 - https:\/\/yoast.com\/product\/yoast-seo-wordpress\/ -->\n<title>Beauty2Go AGBs \u2013 Teilnahmebedingungen f\u00fcr Rabattaktionen<\/title>\n<meta name=\"description\" content=\"Entdecke die Beauty2Go AGBs und profitiere vom Freunderabatt \u2665 Behandlungen mit einer oder mehreren Freunden \u2713 Ihr spart bis zu CHF 90 bei | beauty2go.ch\" \/>\n<meta name=\"robots\" content=\"noindex, follow, max-snippet:-1, max-image-preview:large, max-video-preview:-1\" \/>\n<meta property=\"og:locale\" content=\"fr_FR\" \/>\n<meta property=\"og:type\" content=\"article\" \/>\n<meta property=\"og:title\" content=\"Beauty2Go AGBs \u2013 Teilnahmebedingungen f\u00fcr Rabattaktionen\" \/>\n<meta property=\"og:description\" content=\"Entdecke die Beauty2Go AGBs und profitiere vom Freunderabatt \u2665 Behandlungen mit einer oder mehreren Freunden \u2713 Ihr spart bis zu CHF 90 bei | beauty2go.ch\" \/>\n<meta property=\"og:url\" content=\"https:\/\/b2g-2026.staging2.net\/fr\/agbs\/\" \/>\n<meta property=\"og:site_name\" content=\"Beauty2Go\" \/>\n<meta property=\"article:modified_time\" content=\"2023-11-06T08:08:38+00:00\" \/>\n<meta name=\"twitter:card\" content=\"summary_large_image\" \/>\n<meta name=\"twitter:label1\" content=\"Dur\u00e9e de lecture estim\u00e9e\" \/>\n\t<meta name=\"twitter:data1\" content=\"1 minute\" \/>\n<script type=\"application\/ld+json\" class=\"yoast-schema-graph\">{\"@context\":\"https:\/\/schema.org\",\"@graph\":[{\"@type\":\"WebPage\",\"@id\":\"https:\/\/b2g-2026.staging2.net\/agbs\/\",\"url\":\"https:\/\/b2g-2026.staging2.net\/agbs\/\",\"name\":\"Beauty2Go AGBs \u2013 Teilnahmebedingungen f\u00fcr Rabattaktionen\",\"isPartOf\":{\"@id\":\"https:\/\/b2g-2026.staging2.net\/#website\"},\"datePublished\":\"2022-12-15T13:47:07+00:00\",\"dateModified\":\"2023-11-06T08:08:38+00:00\",\"description\":\"Entdecke die Beauty2Go AGBs und profitiere vom Freunderabatt \u2665 Behandlungen mit einer oder mehreren Freunden \u2713 Ihr spart bis zu CHF 90 bei | beauty2go.ch\",\"breadcrumb\":{\"@id\":\"https:\/\/b2g-2026.staging2.net\/agbs\/#breadcrumb\"},\"inLanguage\":\"fr-FR\",\"potentialAction\":[{\"@type\":\"ReadAction\",\"target\":[\"https:\/\/b2g-2026.staging2.net\/agbs\/\"]}]},{\"@type\":\"BreadcrumbList\",\"@id\":\"https:\/\/b2g-2026.staging2.net\/agbs\/#breadcrumb\",\"itemListElement\":[{\"@type\":\"ListItem\",\"position\":1,\"name\":\"Home\",\"item\":\"https:\/\/b2g-2026.staging2.net\/\"},{\"@type\":\"ListItem\",\"position\":2,\"name\":\"AGBs\"}]},{\"@type\":\"WebSite\",\"@id\":\"https:\/\/b2g-2026.staging2.net\/#website\",\"url\":\"https:\/\/b2g-2026.staging2.net\/\",\"name\":\"Beauty2Go\",\"description\":\"Sch\u00f6nheitsklinik Schweiz\",\"publisher\":{\"@id\":\"https:\/\/b2g-2026.staging2.net\/#organization\"},\"potentialAction\":[{\"@type\":\"SearchAction\",\"target\":{\"@type\":\"EntryPoint\",\"urlTemplate\":\"https:\/\/b2g-2026.staging2.net\/?s={search_term_string}\"},\"query-input\":{\"@type\":\"PropertyValueSpecification\",\"valueRequired\":true,\"valueName\":\"search_term_string\"}}],\"inLanguage\":\"fr-FR\"},{\"@type\":\"Organization\",\"@id\":\"https:\/\/b2g-2026.staging2.net\/#organization\",\"name\":\"Beauty2Go\",\"url\":\"https:\/\/b2g-2026.staging2.net\/\",\"logo\":{\"@type\":\"ImageObject\",\"inLanguage\":\"fr-FR\",\"@id\":\"https:\/\/b2g-2026.staging2.net\/#\/schema\/logo\/image\/\",\"url\":\"https:\/\/b2g-2026.staging2.net\/wp-content\/uploads\/2022\/11\/b2g-logo-sticky.svg\",\"contentUrl\":\"https:\/\/b2g-2026.staging2.net\/wp-content\/uploads\/2022\/11\/b2g-logo-sticky.svg\",\"width\":58,\"height\":40,\"caption\":\"Beauty2Go\"},\"image\":{\"@id\":\"https:\/\/b2g-2026.staging2.net\/#\/schema\/logo\/image\/\"}}]}<\/script>\n<!-- \/ Yoast SEO plugin. -->","yoast_head_json":{"title":"Conditions g\u00e9n\u00e9rales de Beauty2Go - Conditions de participation aux actions de r\u00e9duction","description":"D\u00e9couvre les conditions g\u00e9n\u00e9rales de Beauty2Go et profite du rabais gratuit \u2665 Traitements avec un ou plusieurs amis \u2713 Vous \u00e9conomisez jusqu'\u00e0 CHF 90 chez | beauty2go.ch","robots":{"index":"noindex","follow":"follow","max-snippet":"max-snippet:-1","max-image-preview":"max-image-preview:large","max-video-preview":"max-video-preview:-1"},"og_locale":"fr_FR","og_type":"article","og_title":"Beauty2Go AGBs \u2013 Teilnahmebedingungen f\u00fcr Rabattaktionen","og_description":"Entdecke die Beauty2Go AGBs und profitiere vom Freunderabatt \u2665 Behandlungen mit einer oder mehreren Freunden \u2713 Ihr spart bis zu CHF 90 bei | beauty2go.ch","og_url":"https:\/\/b2g-2026.staging2.net\/fr\/agbs\/","og_site_name":"Beauty2Go","article_modified_time":"2023-11-06T08:08:38+00:00","twitter_card":"summary_large_image","twitter_misc":{"Dur\u00e9e de lecture estim\u00e9e":"1 minute"},"schema":{"@context":"https:\/\/schema.org","@graph":[{"@type":"WebPage","@id":"https:\/\/b2g-2026.staging2.net\/agbs\/","url":"https:\/\/b2g-2026.staging2.net\/agbs\/","name":"Conditions g\u00e9n\u00e9rales de Beauty2Go - Conditions de participation aux actions de r\u00e9duction","isPartOf":{"@id":"https:\/\/b2g-2026.staging2.net\/#website"},"datePublished":"2022-12-15T13:47:07+00:00","dateModified":"2023-11-06T08:08:38+00:00","description":"D\u00e9couvre les conditions g\u00e9n\u00e9rales de Beauty2Go et profite du rabais gratuit \u2665 Traitements avec un ou plusieurs amis \u2713 Vous \u00e9conomisez jusqu'\u00e0 CHF 90 chez | beauty2go.ch","breadcrumb":{"@id":"https:\/\/b2g-2026.staging2.net\/agbs\/#breadcrumb"},"inLanguage":"fr-FR","potentialAction":[{"@type":"ReadAction","target":["https:\/\/b2g-2026.staging2.net\/agbs\/"]}]},{"@type":"BreadcrumbList","@id":"https:\/\/b2g-2026.staging2.net\/agbs\/#breadcrumb","itemListElement":[{"@type":"ListItem","position":1,"name":"Home","item":"https:\/\/b2g-2026.staging2.net\/"},{"@type":"ListItem","position":2,"name":"AGBs"}]},{"@type":"WebSite","@id":"https:\/\/b2g-2026.staging2.net\/#website","url":"https:\/\/b2g-2026.staging2.net\/","name":"Beauty2Go","description":"Clinique de beaut\u00e9 Suisse","publisher":{"@id":"https:\/\/b2g-2026.staging2.net\/#organization"},"potentialAction":[{"@type":"SearchAction","target":{"@type":"EntryPoint","urlTemplate":"https:\/\/b2g-2026.staging2.net\/?s={search_term_string}"},"query-input":{"@type":"PropertyValueSpecification","valueRequired":true,"valueName":"search_term_string"}}],"inLanguage":"fr-FR"},{"@type":"Organization","@id":"https:\/\/b2g-2026.staging2.net\/#organization","name":"Beauty2Go","url":"https:\/\/b2g-2026.staging2.net\/","logo":{"@type":"ImageObject","inLanguage":"fr-FR","@id":"https:\/\/b2g-2026.staging2.net\/#\/schema\/logo\/image\/","url":"https:\/\/b2g-2026.staging2.net\/wp-content\/uploads\/2022\/11\/b2g-logo-sticky.svg","contentUrl":"https:\/\/b2g-2026.staging2.net\/wp-content\/uploads\/2022\/11\/b2g-logo-sticky.svg","width":58,"height":40,"caption":"Beauty2Go"},"image":{"@id":"https:\/\/b2g-2026.staging2.net\/#\/schema\/logo\/image\/"}}]}},"taxonomy_info":[],"featured_image_src_large":false,"author_info":{"display_name":"starkj","author_link":"https:\/\/b2g-2026.staging2.net\/fr\/articles\/author\/starkj\/"},"comment_info":0,"_links":{"self":[{"href":"https:\/\/b2g-2026.staging2.net\/fr\/wp-json\/wp\/v2\/pages\/3077","targetHints":{"allow":["GET"]}}],"collection":[{"href":"https:\/\/b2g-2026.staging2.net\/fr\/wp-json\/wp\/v2\/pages"}],"about":[{"href":"https:\/\/b2g-2026.staging2.net\/fr\/wp-json\/wp\/v2\/types\/page"}],"author":[{"embeddable":true,"href":"https:\/\/b2g-2026.staging2.net\/fr\/wp-json\/wp\/v2\/users\/1"}],"replies":[{"embeddable":true,"href":"https:\/\/b2g-2026.staging2.net\/fr\/wp-json\/wp\/v2\/comments?post=3077"}],"version-history":[{"count":0,"href":"https:\/\/b2g-2026.staging2.net\/fr\/wp-json\/wp\/v2\/pages\/3077\/revisions"}],"wp:attachment":[{"href":"https:\/\/b2g-2026.staging2.net\/fr\/wp-json\/wp\/v2\/media?parent=3077"}],"wp:term":[{"taxonomy":"page-cat","embeddable":true,"href":"https:\/\/b2g-2026.staging2.net\/fr\/wp-json\/wp\/v2\/page-cat?post=3077"}],"curies":[{"name":"wp","href":"https:\/\/api.w.org\/{rel}","templated":true}]}}